{"id":39464,"date":"2020-01-27T11:44:11","date_gmt":"2020-01-27T11:44:11","guid":{"rendered":"https:\/\/campingpuroalentejo.com\/es\/?page_id=39464"},"modified":"2023-05-03T15:51:32","modified_gmt":"2023-05-03T15:51:32","slug":"sobre-nos","status":"publish","type":"page","link":"https:\/\/campingpuroalentejo.com\/es\/sobre-nos\/","title":{"rendered":"Sobre n\u00f3s"},"content":{"rendered":"<p>[et_pb_section fb_built=&#8221;1&#8243; _builder_version=&#8221;4.3.4&#8243; background_image=&#8221;https:\/\/campingpuroalentejo.com\/es\/wp-content\/uploads\/2020\/03\/CPA_SobreNos_top_bg_01.jpg&#8221; custom_margin=&#8221;0px||0px||true|false&#8221; custom_padding=&#8221;0px||50px||false|false&#8221;][\/et_pb_section][et_pb_section fb_built=&#8221;1&#8243; custom_padding_last_edited=&#8221;on|desktop&#8221; _builder_version=&#8221;4.2.2&#8243; background_color=&#8221;#f2f2f2&#8243; custom_margin=&#8221;0px||0px||true&#8221; custom_padding=&#8221;90px||90px||true|&#8221; custom_padding_tablet=&#8221;70px||70px||true&#8221; custom_padding_phone=&#8221;60px||60px||true&#8221; locked=&#8221;off&#8221;][et_pb_row column_structure=&#8221;3_5,2_5&#8243; _builder_version=&#8221;4.2.2&#8243; width=&#8221;90%&#8221; max_width=&#8221;1200px&#8221; custom_margin=&#8221;0px||0px||true&#8221; custom_padding=&#8221;0px||0px||true|false&#8221;][et_pb_column type=&#8221;3_5&#8243; _builder_version=&#8221;3.25&#8243; custom_padding=&#8221;|||&#8221; custom_padding__hover=&#8221;|||&#8221;][et_pb_text _builder_version=&#8221;4.4.0&#8243; text_font=&#8221;||||||||&#8221; header_font=&#8221;||||||||&#8221; header_text_align=&#8221;left&#8221; text_orientation=&#8221;justified&#8221; custom_margin=&#8221;0px||0px||true&#8221; custom_padding=&#8221;0px||0px||true&#8221;]<\/p>\n<h1 style=\"padding-bottom: 0px;\">Nosotros<\/h1>\n<p>[\/et_pb_text][et_pb_divider divider_position=&#8221;center&#8221; divider_weight=&#8221;3px&#8221; _builder_version=&#8221;4.2.2&#8243; max_width=&#8221;60px&#8221; module_alignment=&#8221;left&#8221; height=&#8221;30px&#8221; custom_margin=&#8221;0px||20px||false|false&#8221; custom_padding=&#8221;0px||0px||true&#8221;][\/et_pb_divider][et_pb_text _builder_version=&#8221;4.4.7&#8243; text_font=&#8221;||||||||&#8221; header_font=&#8221;||||||||&#8221; header_text_align=&#8221;left&#8221; text_orientation=&#8221;justified&#8221; custom_margin=&#8221;0px||0px||true&#8221; custom_padding=&#8221;0px||0px||true&#8221;]<\/p>\n<p>Pasaron a\u00f1os hasta llegar aqu\u00ed y bajaron en la \u00faltima estaci\u00f3n: la planicie alentejana.<\/p>\n<p>Vinieron de hemisferios opuestos; Bobby transporta en su equipaje latitudes africanas. Mozambique, Malawi, Tanzania, San Tom\u00e9 y Pr\u00edncipe y Sud\u00e1frica, donde naci\u00f3. Paula regres\u00f3 \u00e0 la tierra alentejana despu\u00e9s de correr el mundo como turista, voluntaria, productora y directora de contenidos para la televisi\u00f3n portuguesa.<\/p>\n<p>Acabaron por encontrarse en una peque\u00f1a isla del atl\u00e1ntico, marcada por la l\u00ednea del Ecuador. En la isla del Pr\u00edncipe fue un flechazo y una caba\u00f1a. Literalmente. El perro callejero Tubar\u00e3o es testigo. Juntos so\u00f1aron con un trozo de tierra en Portugal. Un lugar que hiciera recordar la sabana africana, distante de la ciudad pero suficientemente cerca de la civilizaci\u00f3n, un local abrazado de la ma\u00f1ana a la noche por el sol, el sonido de los p\u00e1jaros y el aire del Puro Alentejo.<\/p>\n<p>Ven compartir este sue\u00f1o.<\/p>\n<p>[\/et_pb_text][\/et_pb_column][et_pb_column type=&#8221;2_5&#8243; _builder_version=&#8221;3.25&#8243; custom_padding=&#8221;|||&#8221; custom_padding__hover=&#8221;|||&#8221;][et_pb_image src=&#8221;https:\/\/campingpuroalentejo.com\/es\/wp-content\/uploads\/2020\/03\/CPA_SobreNos_01.jpg&#8221; align=&#8221;center&#8221; align_tablet=&#8221;center&#8221; align_phone=&#8221;&#8221; align_last_edited=&#8221;on|desktop&#8221; _builder_version=&#8221;4.3.4&#8243; custom_margin=&#8221;0px||0px||true&#8221; custom_padding=&#8221;0px||0px||true&#8221; border_width_all=&#8221;12px&#8221; border_color_all=&#8221;#ffffff&#8221;][\/et_pb_image][\/et_pb_column][\/et_pb_row][\/et_pb_section][et_pb_section fb_built=&#8221;1&#8243; _builder_version=&#8221;3.22&#8243; custom_margin=&#8221;0px||0px||true&#8221; custom_padding=&#8221;0px||0px||true&#8221; locked=&#8221;off&#8221;][et_pb_row column_structure=&#8221;2_5,3_5&#8243; use_custom_gutter=&#8221;on&#8221; gutter_width=&#8221;1&#8243; make_equal=&#8221;on&#8221; padding_top_bottom_link_2=&#8221;true&#8221; padding_left_right_link_2=&#8221;true&#8221; module_class=&#8221; et_pb_row_fullwidth&#8221; _builder_version=&#8221;4.7.7&#8243; width=&#8221;100%&#8221; width_tablet=&#8221;100%&#8221; width_phone=&#8221;&#8221; width_last_edited=&#8221;on|desktop&#8221; max_width=&#8221;100%&#8221; max_width_tablet=&#8221;100%&#8221; max_width_phone=&#8221;&#8221; max_width_last_edited=&#8221;on|desktop&#8221; custom_margin=&#8221;0px||0px||true&#8221; custom_padding=&#8221;0px||0px||true&#8221; hover_enabled=&#8221;0&#8243; make_fullwidth=&#8221;on&#8221; sticky_enabled=&#8221;0&#8243;][et_pb_column type=&#8221;2_5&#8243; _builder_version=&#8221;4.7.7&#8243; background_image=&#8221;https:\/\/campingpuroalentejo.com\/es\/wp-content\/uploads\/2023\/05\/espaco_23.jpg&#8221; custom_padding=&#8221;|||&#8221; hover_enabled=&#8221;0&#8243; custom_padding__hover=&#8221;|||&#8221; title_text=&#8221;espa\u00e7o_23&#8243; sticky_enabled=&#8221;0&#8243;][et_pb_divider show_divider=&#8221;off&#8221; _builder_version=&#8221;3.19.11&#8243; height=&#8221;250px&#8221; custom_margin=&#8221;0px||0px||true&#8221; custom_padding=&#8221;0px||0px||true&#8221;][\/et_pb_divider][\/et_pb_column][et_pb_column type=&#8221;3_5&#8243; _builder_version=&#8221;4.2.2&#8243; background_color=&#8221;#849143&#8243; custom_padding=&#8221;80px|30px|80px|30px&#8221; custom_padding_tablet=&#8221;70px||70px||true&#8221; custom_padding_phone=&#8221;60px||60px||true&#8221; custom_padding_last_edited=&#8221;on|desktop&#8221; padding_phone=&#8221;60px||60px||true&#8221; padding_tablet=&#8221;70px||70px||true&#8221; padding_last_edited=&#8221;on|desktop&#8221; custom_padding__hover=&#8221;|||&#8221;][et_pb_text _builder_version=&#8221;4.4.0&#8243; text_font=&#8221;||||||||&#8221; header_font=&#8221;||||||||&#8221; header_text_align=&#8221;left&#8221; header_2_font=&#8221;||||||||&#8221; text_orientation=&#8221;justified&#8221; background_layout=&#8221;dark&#8221; max_width=&#8221;560px&#8221; module_alignment=&#8221;center&#8221; custom_margin=&#8221;0px||0px||true&#8221; custom_padding=&#8221;0px||0px||true&#8221;]<\/p>\n<h1 style=\"padding-bottom: 0px;\">El lugar<\/h1>\n<p>[\/et_pb_text][et_pb_divider color=&#8221;#ffffff&#8221; divider_position=&#8221;center&#8221; divider_weight=&#8221;3px&#8221; _builder_version=&#8221;4.2.2&#8243; max_width=&#8221;560px&#8221; module_alignment=&#8221;center&#8221; height=&#8221;30px&#8221; custom_margin=&#8221;0px||20px||false|false&#8221; custom_padding=&#8221;0px||0px||true&#8221; custom_css_before=&#8221;max-width: 60px;&#8221;][\/et_pb_divider][et_pb_text _builder_version=&#8221;4.4.0&#8243; text_font=&#8221;||||||||&#8221; header_font=&#8221;||||||||&#8221; header_text_align=&#8221;left&#8221; text_orientation=&#8221;justified&#8221; background_layout=&#8221;dark&#8221; max_width=&#8221;560px&#8221; module_alignment=&#8221;center&#8221; custom_margin=&#8221;0px||0px||true&#8221; custom_padding=&#8221;0px||0px||true&#8221;]<\/p>\n<p>Son nueve hect\u00e1reas de encinas y olivos que salpican el d\u00eda a d\u00eda de Puro Alentejo. Puede relajar junto a la piscina y planear un paseo hist\u00f3rico por las villas y aldeas alentejanas.<\/p>\n<p>Si quiere compa\u00f1\u00eda puede juntarse \u00e0 Paula, a Bobby e a Tubar\u00e3o en el bar del camping y, m\u00e1s tarde, dejarse sorprender por la infinita puesta del sol. Por la noche, compartir historias en el Boma alrededor de un acogedor fuego africano encendido en esta planicie alentejana.<\/p>\n<p>En el camping Puro Alentejo cualquier hora es buena para llegar, aparcar la autocaravana o montar la tienda, tomar un ba\u00f1o caliente, cargar el m\u00f3vil y planear d\u00edas tranquilos en la compa\u00f1\u00eda de amigos, familia y animales. Tubar\u00e3o, de fiero solo tiene el nombre.<\/p>\n<p>[\/et_pb_text][\/et_pb_column][\/et_pb_row][\/et_pb_section][et_pb_section fb_built=&#8221;1&#8243; custom_padding_last_edited=&#8221;on|desktop&#8221; _builder_version=&#8221;4.2.2&#8243; background_color=&#8221;#f2f2f2&#8243; custom_margin=&#8221;0px||0px||true&#8221; custom_padding=&#8221;90px||90px||true|&#8221; custom_padding_tablet=&#8221;70px||70px||true&#8221; custom_padding_phone=&#8221;60px||60px||true&#8221; locked=&#8221;off&#8221;][et_pb_row column_structure=&#8221;3_5,2_5&#8243; _builder_version=&#8221;4.2.2&#8243; width=&#8221;90%&#8221; max_width=&#8221;1200px&#8221; custom_margin=&#8221;0px||0px||true&#8221; custom_padding=&#8221;0px||0px||true|false&#8221;][et_pb_column type=&#8221;3_5&#8243; _builder_version=&#8221;3.25&#8243; custom_padding=&#8221;|||&#8221; custom_padding__hover=&#8221;|||&#8221;][et_pb_text _builder_version=&#8221;4.4.0&#8243; text_font=&#8221;||||||||&#8221; header_font=&#8221;||||||||&#8221; header_text_align=&#8221;left&#8221; text_orientation=&#8221;justified&#8221; custom_margin=&#8221;0px||0px||true&#8221; custom_padding=&#8221;0px||0px||true&#8221;]<\/p>\n<h1 style=\"padding-bottom: 0px;\">La regi\u00f3n<\/h1>\n<p>[\/et_pb_text][et_pb_divider divider_position=&#8221;center&#8221; divider_weight=&#8221;3px&#8221; _builder_version=&#8221;4.2.2&#8243; max_width=&#8221;60px&#8221; module_alignment=&#8221;left&#8221; height=&#8221;30px&#8221; custom_margin=&#8221;0px||20px||false|false&#8221; custom_padding=&#8221;0px||0px||true&#8221;][\/et_pb_divider][et_pb_text _builder_version=&#8221;4.4.0&#8243; text_font=&#8221;||||||||&#8221; header_font=&#8221;||||||||&#8221; header_text_align=&#8221;left&#8221; text_orientation=&#8221;justified&#8221; custom_margin=&#8221;0px||0px||true&#8221; custom_padding=&#8221;0px||0px||true&#8221;]<\/p>\n<p>Haga de Camping Puro Alentejo su base para peque\u00f1as y grandes exploraciones de la regi\u00f3n frontera del Alto Alentejo. A dos horas de Lisboa, a veinte minutos de la frontera espa\u00f1ola y a quince de Elvas, la ciudad clasificada por la Unesco como Patrimonio Mundial de la Humanidad, el camping ofrece, en un radio de 20 quil\u00f3metros, monumentos nacionales que van del distante Neo-calcol\u00edtico, como la Anta de la Coutada de Barbacena, a las murallas del siglo XVII que hacen de Elvas la reina de la frontera.<\/p>\n<p>En el plato alentejano, el pan, el cerdo y las aceitunas son los ingredientes dominantes de la deliciosa gastronom\u00eda que rivalizan en sabor con el jam\u00f3n ib\u00e9rico de tierras espa\u00f1olas.<\/p>\n<p>En un recorrido por la Historia o a la mesa alentejana puede siempre contar con las orientaciones de Paula y de Bobby.<\/p>\n<p>[\/et_pb_text][\/et_pb_column][et_pb_column type=&#8221;2_5&#8243; _builder_version=&#8221;3.25&#8243; custom_padding=&#8221;|||&#8221; custom_padding__hover=&#8221;|||&#8221;][et_pb_image src=&#8221;https:\/\/campingpuroalentejo.com\/es\/wp-content\/uploads\/2020\/03\/CPA_Regiao_01.jpg&#8221; align=&#8221;center&#8221; align_tablet=&#8221;center&#8221; align_phone=&#8221;&#8221; align_last_edited=&#8221;on|desktop&#8221; _builder_version=&#8221;4.3.4&#8243; custom_margin=&#8221;0px||0px||true&#8221; custom_padding=&#8221;0px||0px||true&#8221; border_width_all=&#8221;12px&#8221; border_color_all=&#8221;#ffffff&#8221;][\/et_pb_image][\/et_pb_column][\/et_pb_row][\/et_pb_section][et_pb_section fb_built=&#8221;1&#8243; custom_padding_last_edited=&#8221;on|desktop&#8221; _builder_version=&#8221;4.3.4&#8243; background_image=&#8221;https:\/\/campingpuroalentejo.com\/es\/wp-content\/uploads\/2020\/03\/CPA_Footer_bg_02.jpg&#8221; parallax=&#8221;on&#8221; parallax_method=&#8221;off&#8221; custom_margin=&#8221;0px||0px||true&#8221; custom_padding=&#8221;120px||120px||true|&#8221; custom_padding_tablet=&#8221;100px||100px||true&#8221; custom_padding_phone=&#8221;80px||80px||true&#8221; global_module=&#8221;41203&#8243; saved_tabs=&#8221;all&#8221;][et_pb_row _builder_version=&#8221;3.27.3&#8243; width=&#8221;90%&#8221; custom_margin=&#8221;0px||0px||true&#8221; custom_padding=&#8221;0px||0px||true&#8221;][et_pb_column type=&#8221;4_4&#8243; _builder_version=&#8221;3.25&#8243; custom_padding=&#8221;|||&#8221; custom_padding__hover=&#8221;|||&#8221;][et_pb_text disabled_on=&#8221;on|on|off&#8221; _builder_version=&#8221;4.4.0&#8243; text_font=&#8221;||||||||&#8221; text_font_size=&#8221;18px&#8221; header_font=&#8221;||||||||&#8221; header_2_font_size=&#8221;25px&#8221; text_orientation=&#8221;center&#8221; background_layout=&#8221;dark&#8221; max_width=&#8221;730px&#8221; module_alignment=&#8221;center&#8221; custom_margin=&#8221;0px||0px||true&#8221; custom_padding=&#8221;0px||0px||true&#8221; text_font_size_tablet=&#8221;17px&#8221; text_font_size_phone=&#8221;16px&#8221; text_font_size_last_edited=&#8221;on|desktop&#8221; header_2_font_size_tablet=&#8221;22px&#8221; header_2_font_size_phone=&#8221;18px&#8221; header_2_font_size_last_edited=&#8221;on|desktop&#8221;]<\/p>\n<h2 style=\"padding-bottom: 15px;\">\u00a1HAGA SU RESERVA AQU\u00cd!<\/h2>\n<p>[\/et_pb_text][et_pb_text disabled_on=&#8221;off|off|off&#8221; _builder_version=&#8221;4.4.0&#8243; text_font=&#8221;||||||||&#8221; text_font_size=&#8221;15px&#8221; header_font=&#8221;|700||on|||||&#8221; header_font_size=&#8221;26px&#8221; text_orientation=&#8221;center&#8221; background_layout=&#8221;dark&#8221; module_alignment=&#8221;center&#8221; custom_margin=&#8221;0px||0px||true&#8221; custom_padding=&#8221;0px||0px||true&#8221; header_font_size_tablet=&#8221;22px&#8221; header_font_size_phone=&#8221;18px&#8221; header_font_size_last_edited=&#8221;on|desktop&#8221;]<\/p>\n<h1 style=\"padding-bottom: 0px;\">Para obtener m\u00e1s informaci\u00f3n, ponte en contacto con nosotros<\/h1>\n<p>[\/et_pb_text][\/et_pb_column][\/et_pb_row][et_pb_row use_custom_gutter=&#8221;on&#8221; gutter_width=&#8221;2&#8243; _builder_version=&#8221;3.27.4&#8243; max_width=&#8221;660px&#8221; custom_margin=&#8221;0px||0px||true|false&#8221; custom_padding=&#8221;20px||30px||false|false&#8221;][et_pb_column type=&#8221;4_4&#8243; _builder_version=&#8221;3.27.3&#8243;][et_pb_text module_class=&#8221;linkcont01&#8243; _builder_version=&#8221;4.2.2&#8243; text_font=&#8221;|700|||||||&#8221; text_font_size=&#8221;22px&#8221; text_line_height=&#8221;1.5em&#8221; header_font=&#8221;||||||||&#8221; text_orientation=&#8221;center&#8221; background_layout=&#8221;dark&#8221; max_width=&#8221;730px&#8221; module_alignment=&#8221;center&#8221; custom_margin=&#8221;0px||0px||true&#8221; custom_padding=&#8221;0px||0px||true&#8221; text_font_size_tablet=&#8221;20px&#8221; text_font_size_phone=&#8221;&#8221; text_font_size_last_edited=&#8221;on|desktop&#8221;]T. <a class=\"linkparalax01\" href=\"tel:966 828 740\">966 828 740<\/a> <a href=\"mailto:campingpuroalentejo@gmail.com\">campingpuroalentejo@gmail.com<\/a>[\/et_pb_text][\/et_pb_column][\/et_pb_row][et_pb_row module_class=&#8221;btcolor02&#8243; _builder_version=&#8221;3.27.3&#8243; custom_margin=&#8221;0px||0px||true&#8221; custom_padding=&#8221;0px||0px||true&#8221;][et_pb_column type=&#8221;4_4&#8243; _builder_version=&#8221;3.25&#8243; custom_padding=&#8221;|||&#8221; custom_padding__hover=&#8221;|||&#8221;][et_pb_button button_url=&#8221;https:\/\/campingpuroalentejo.com\/es\/reservas\/&#8221; button_text=&#8221;HACER UNA RESERVA&#8221; button_alignment=&#8221;center&#8221; _builder_version=&#8221;4.4.0&#8243; custom_margin=&#8221;0px||0px||true&#8221;][\/et_pb_button][\/et_pb_column][\/et_pb_row][\/et_pb_section][et_pb_section fb_built=&#8221;1&#8243; disabled_on=&#8221;off|off|off&#8221; _builder_version=&#8221;3.27.3&#8243; background_color=&#8221;#ffffff&#8221; custom_margin=&#8221;0px|0px|0px|0px|true|true&#8221; custom_padding=&#8221;0px|0px|0px|0px|true|true&#8221; custom_padding_tablet=&#8221;0px||0px|&#8221; global_module=&#8221;41197&#8243; saved_tabs=&#8221;all&#8221;][et_pb_row column_structure=&#8221;3_5,2_5&#8243; column_padding_mobile=&#8221;on&#8221; custom_padding_last_edited=&#8221;on|desktop&#8221; module_class=&#8221; et_pb_row_fullwidth&#8221; _builder_version=&#8221;3.27.3&#8243; background_size=&#8221;initial&#8221; background_position=&#8221;top_left&#8221; background_repeat=&#8221;repeat&#8221; width=&#8221;95%&#8221; max_width=&#8221;95%&#8221; module_alignment=&#8221;center&#8221; custom_margin=&#8221;0px|0px|0px|0px|true|true&#8221; custom_padding=&#8221;40px|0px|40px|0px|true|true&#8221; custom_padding_tablet=&#8221;|25px||25px|true|true&#8221; custom_padding_phone=&#8221;||||true|true&#8221; make_fullwidth=&#8221;on&#8221;][et_pb_column type=&#8221;3_5&#8243; _builder_version=&#8221;3.25&#8243; custom_padding=&#8221;|||&#8221; custom_padding__hover=&#8221;|||&#8221;][et_pb_text admin_label=&#8221;Rodape nome do site&#8221; module_class=&#8221;LinkFooterBranco&#8221; _builder_version=&#8221;4.4.7&#8243; text_font=&#8221;||||||||&#8221; text_font_size=&#8221;12px&#8221; text_line_height=&#8221;1.4em&#8221; background_size=&#8221;initial&#8221; background_position=&#8221;top_left&#8221; background_repeat=&#8221;repeat&#8221; custom_margin=&#8221;0px||0px||true&#8221; custom_padding=&#8221;0px||0px||true&#8221; text_text_align=&#8221;left&#8221; text_text_align_tablet=&#8221;center&#8221; text_text_align_last_edited=&#8221;on|desktop&#8221;]<\/p>\n<p style=\"padding-bottom: 8px; font-size: 14px;\">\u00a9 Camping Puro Alentejo &#8211; Camping rural<\/p>\n<p style=\"padding-bottom: 8px; font-size: 12px;\">Registo Nacional de Turismo: RNT N\u00ba 8903<\/p>\n<p style=\"padding-bottom: 2px;\"><a target=\"_blank\" href=\"https:\/\/www.livroreclamacoes.pt\/inicio\" rel=\"noopener noreferrer\">Livro de reclama\u00e7\u00f5es<\/a> \u00a0\u00a0 <a href=\"https:\/\/campingpuroalentejo.com\/es\/protecao-de-dados\/#RLO\">Resolu\u00e7\u00e3o lit\u00edgios online<\/a> \u00a0\u00a0 <a href=\"https:\/\/campingpuroalentejo.com\/es\/protecao-de-dados\/#PP\"> Privacidade<\/a> \u00a0\u00a0 <a href=\"https:\/\/campingpuroalentejo.com\/es\/protecao-de-dados\/#PC\">Cookies<\/a><\/p>\n<p style=\"padding-bottom: 0px;\">webdesign by: <a href=\"https:\/\/criativo.net\/\" target=\"_blank\" rel=\"noopener noreferrer\">criativo.net<\/a><\/p>\n<p>[\/et_pb_text][\/et_pb_column][et_pb_column type=&#8221;2_5&#8243; _builder_version=&#8221;3.25&#8243; custom_padding=&#8221;|||&#8221; custom_padding__hover=&#8221;|||&#8221;][et_pb_social_media_follow use_icon_font_size=&#8221;on&#8221; icon_font_size=&#8221;15px&#8221; _builder_version=&#8221;4.4.7&#8243; text_orientation=&#8221;right&#8221; custom_margin=&#8221;0px|60px|0px||true|false&#8221; custom_margin_tablet=&#8221;|0px|||true|false&#8221; custom_margin_phone=&#8221;&#8221; custom_margin_last_edited=&#8221;on|desktop&#8221; custom_padding=&#8221;0px||0px||true|false&#8221; text_orientation_tablet=&#8221;center&#8221; text_orientation_phone=&#8221;&#8221; text_orientation_last_edited=&#8221;on|desktop&#8221; border_radii=&#8221;on|50px|50px|50px|50px&#8221;][et_pb_social_media_follow_network social_network=&#8221;facebook&#8221; url=&#8221;https:\/\/www.facebook.com\/Camping-Puro-Alentejo-624189011274627\/&#8221; _builder_version=&#8221;4.2.2&#8243; background_color=&#8221;#3b5998&#8243; custom_margin=&#8221;0px|0px|0px|0px|true|true&#8221; custom_padding=&#8221;0px|0px|0px|0px|true|true&#8221; follow_button=&#8221;off&#8221; url_new_window=&#8221;on&#8221;]facebook[\/et_pb_social_media_follow_network][et_pb_social_media_follow_network social_network=&#8221;facebook&#8221; url=&#8221;https:\/\/wa.me\/351966828740&#8243; icon_color=&#8221;rgba(0,0,0,0)&#8221; _builder_version=&#8221;4.2.2&#8243; background_color=&#8221;#24CD63&#8243; background_enable_color=&#8221;on&#8221; background_image=&#8221;https:\/\/campingpuroalentejo.com\/es\/wp-content\/uploads\/2020\/02\/CPA_whatsapp_01.2.png&#8221; background_enable_image=&#8221;on&#8221; custom_margin=&#8221;0px|0px|0px|0px|true|true&#8221; custom_padding=&#8221;0px|0px|0px|0px|true|true&#8221; follow_button=&#8221;off&#8221; url_new_window=&#8221;on&#8221;]facebook[\/et_pb_social_media_follow_network][et_pb_social_media_follow_network social_network=&#8221;instagram&#8221; url=&#8221;https:\/\/www.instagram.com\/campingpuroalentejo\/&#8221; _builder_version=&#8221;4.4.7&#8243; background_color=&#8221;#ea2c59&#8243; custom_margin=&#8221;0px|0px|0px|0px|true|true&#8221; custom_padding=&#8221;0px|0px|0px|0px|true|true&#8221; follow_button=&#8221;off&#8221; url_new_window=&#8221;on&#8221;]instagram[\/et_pb_social_media_follow_network][\/et_pb_social_media_follow][et_pb_image src=&#8221;https:\/\/campingpuroalentejo.com\/es\/wp-content\/uploads\/2019\/01\/certificado-ssl-pt.png&#8221; align=&#8221;right&#8221; align_tablet=&#8221;center&#8221; align_phone=&#8221;&#8221; align_last_edited=&#8221;on|desktop&#8221; disabled_on=&#8221;on|on|off&#8221; _builder_version=&#8221;4.3.4&#8243; custom_margin=&#8221;-33px|200px|0px|0px|false|false&#8221; custom_margin_tablet=&#8221;20px|0px||0px|false|true&#8221; custom_margin_phone=&#8221;&#8221; custom_margin_last_edited=&#8221;on|tablet&#8221; custom_padding=&#8221;0px|0px|0px|0px|true|true&#8221;][\/et_pb_image][\/et_pb_column][\/et_pb_row][\/et_pb_section]<\/p>\n","protected":false},"excerpt":{"rendered":"<p>NosotrosPasaron a\u00f1os hasta llegar aqu\u00ed y bajaron en la \u00faltima estaci\u00f3n: la planicie alentejana. Vinieron de hemisferios opuestos; Bobby transporta en su equipaje latitudes africanas. Mozambique, Malawi, Tanzania, San Tom\u00e9 y Pr\u00edncipe y Sud\u00e1frica, donde naci\u00f3. Paula regres\u00f3 \u00e0 la tierra alentejana despu\u00e9s de correr el mundo como turista, voluntaria, productora y directora de contenidos [&hellip;]<\/p>\n","protected":false},"author":3,"featured_media":0,"parent":0,"menu_order":0,"comment_status":"closed","ping_status":"closed","template":"","meta":{"_et_pb_use_builder":"on","_et_pb_old_content":"","_et_gb_content_width":"","footnotes":""},"class_list":["post-39464","page","type-page","status-publish","hentry"],"_links":{"self":[{"href":"https:\/\/campingpuroalentejo.com\/es\/wp-json\/wp\/v2\/pages\/39464","targetHints":{"allow":["GET"]}}],"collection":[{"href":"https:\/\/campingpuroalentejo.com\/es\/wp-json\/wp\/v2\/pages"}],"about":[{"href":"https:\/\/campingpuroalentejo.com\/es\/wp-json\/wp\/v2\/types\/page"}],"author":[{"embeddable":true,"href":"https:\/\/campingpuroalentejo.com\/es\/wp-json\/wp\/v2\/users\/3"}],"replies":[{"embeddable":true,"href":"https:\/\/campingpuroalentejo.com\/es\/wp-json\/wp\/v2\/comments?post=39464"}],"version-history":[{"count":22,"href":"https:\/\/campingpuroalentejo.com\/es\/wp-json\/wp\/v2\/pages\/39464\/revisions"}],"predecessor-version":[{"id":42377,"href":"https:\/\/campingpuroalentejo.com\/es\/wp-json\/wp\/v2\/pages\/39464\/revisions\/42377"}],"wp:attachment":[{"href":"https:\/\/campingpuroalentejo.com\/es\/wp-json\/wp\/v2\/media?parent=39464"}],"curies":[{"name":"wp","href":"https:\/\/api.w.org\/{rel}","templated":true}]}}