{"id":39464,"date":"2020-01-27T11:44:11","date_gmt":"2020-01-27T11:44:11","guid":{"rendered":"https:\/\/campingpuroalentejo.com\/fr\/?page_id=39464"},"modified":"2023-05-03T15:44:43","modified_gmt":"2023-05-03T15:44:43","slug":"sobre-nos","status":"publish","type":"page","link":"https:\/\/campingpuroalentejo.com\/fr\/sobre-nos\/","title":{"rendered":"SUR NOUS"},"content":{"rendered":"<p>[et_pb_section fb_built=&#8221;1&#8243; _builder_version=&#8221;4.3.4&#8243; background_image=&#8221;https:\/\/campingpuroalentejo.com\/fr\/wp-content\/uploads\/2020\/03\/CPA_SobreNos_top_bg_01.jpg&#8221; custom_margin=&#8221;0px||0px||true|false&#8221; custom_padding=&#8221;0px||50px||false|false&#8221;][\/et_pb_section][et_pb_section fb_built=&#8221;1&#8243; custom_padding_last_edited=&#8221;on|desktop&#8221; _builder_version=&#8221;4.2.2&#8243; background_color=&#8221;#f2f2f2&#8243; custom_margin=&#8221;0px||0px||true&#8221; custom_padding=&#8221;90px||90px||true|&#8221; custom_padding_tablet=&#8221;70px||70px||true&#8221; custom_padding_phone=&#8221;60px||60px||true&#8221; locked=&#8221;off&#8221;][et_pb_row column_structure=&#8221;3_5,2_5&#8243; _builder_version=&#8221;4.2.2&#8243; width=&#8221;90%&#8221; max_width=&#8221;1200px&#8221; custom_margin=&#8221;0px||0px||true&#8221; custom_padding=&#8221;0px||0px||true|false&#8221;][et_pb_column type=&#8221;3_5&#8243; _builder_version=&#8221;3.25&#8243; custom_padding=&#8221;|||&#8221; custom_padding__hover=&#8221;|||&#8221;][et_pb_text _builder_version=&#8221;4.3.4&#8243; text_font=&#8221;||||||||&#8221; header_font=&#8221;||||||||&#8221; header_text_align=&#8221;left&#8221; text_orientation=&#8221;justified&#8221; custom_margin=&#8221;0px||0px||true&#8221; custom_padding=&#8221;0px||0px||true&#8221;]<\/p>\n<h1 style=\"padding-bottom: 0px;\">Nous Trois<\/h1>\n<p>[\/et_pb_text][et_pb_divider divider_position=&#8221;center&#8221; divider_weight=&#8221;3px&#8221; _builder_version=&#8221;4.2.2&#8243; max_width=&#8221;60px&#8221; module_alignment=&#8221;left&#8221; height=&#8221;30px&#8221; custom_margin=&#8221;0px||20px||false|false&#8221; custom_padding=&#8221;0px||0px||true&#8221;][\/et_pb_divider][et_pb_text _builder_version=&#8221;4.4.7&#8243; text_font=&#8221;||||||||&#8221; header_font=&#8221;||||||||&#8221; header_text_align=&#8221;left&#8221; text_orientation=&#8221;justified&#8221; custom_margin=&#8221;0px||0px||true&#8221; custom_padding=&#8221;0px||0px||true&#8221;]<\/p>\n<p>Les ann\u00e9es se sont pass\u00e9es, pour qu\u2019ils arrivent ici et descendent dans la derni\u00e8re station: la plaine de l\u2019Alentejo.<\/p>\n<p>Ils se sont venus d\u2019h\u00e9misph\u00e8res oppos\u00e9s; Bobby transport dans son bagage les latitudes africaines. Mozambique, Malawi, Tanzanie, Sao Tom\u00e9 et Pr\u00edncipe et l\u2019Afrique du Sud, o\u00f9 il est n\u00e9. Paula a retourn\u00e9 \u00e0 la terre de l\u2019Alentejo apr\u00e8s avoir parcouru le monde comme touriste, volontaire, productrice e directrice de contenus pour la t\u00e9l\u00e9vision portugaise.<\/p>\n<p>Ils se sont rencontr\u00e9s dans une petite \u00eele de l\u2019Atlantique, marqu\u00e9e par la ligne d\u2019Equateur. Dans l\u2019\u00cele du Pr\u00edncipe c\u2019\u00e9tait le coup de foudre et une cabane. Litt\u00e9ralement. Le cabot est t\u00e9moin. Ensemble, ils ont r\u00eav\u00e9 d\u2019un lopin de terre au Portugal. Un lieu qui ressemblait la savane africaine, \u00e9loign\u00e9 de la ville mais suffisamment pr\u00e8s de la civilisation, un endroit embrass\u00e9 du matin au soir par le soleil, le chant des oiseaux et l\u2019aire du Pure Alentejo.<\/p>\n<p>Venez partager ce r\u00eave.<\/p>\n<p>[\/et_pb_text][\/et_pb_column][et_pb_column type=&#8221;2_5&#8243; _builder_version=&#8221;3.25&#8243; custom_padding=&#8221;|||&#8221; custom_padding__hover=&#8221;|||&#8221;][et_pb_image src=&#8221;https:\/\/campingpuroalentejo.com\/fr\/wp-content\/uploads\/2020\/03\/CPA_SobreNos_01.jpg&#8221; align=&#8221;center&#8221; align_tablet=&#8221;center&#8221; align_phone=&#8221;&#8221; align_last_edited=&#8221;on|desktop&#8221; _builder_version=&#8221;4.3.4&#8243; custom_margin=&#8221;0px||0px||true&#8221; custom_padding=&#8221;0px||0px||true&#8221; border_width_all=&#8221;12px&#8221; border_color_all=&#8221;#ffffff&#8221;][\/et_pb_image][\/et_pb_column][\/et_pb_row][\/et_pb_section][et_pb_section fb_built=&#8221;1&#8243; _builder_version=&#8221;3.22&#8243; custom_margin=&#8221;0px||0px||true&#8221; custom_padding=&#8221;0px||0px||true&#8221; locked=&#8221;off&#8221;][et_pb_row column_structure=&#8221;2_5,3_5&#8243; use_custom_gutter=&#8221;on&#8221; gutter_width=&#8221;1&#8243; make_equal=&#8221;on&#8221; padding_top_bottom_link_2=&#8221;true&#8221; padding_left_right_link_2=&#8221;true&#8221; module_class=&#8221; et_pb_row_fullwidth&#8221; _builder_version=&#8221;4.7.7&#8243; width=&#8221;100%&#8221; width_tablet=&#8221;100%&#8221; width_phone=&#8221;&#8221; width_last_edited=&#8221;on|desktop&#8221; max_width=&#8221;100%&#8221; max_width_tablet=&#8221;100%&#8221; max_width_phone=&#8221;&#8221; max_width_last_edited=&#8221;on|desktop&#8221; custom_margin=&#8221;0px||0px||true&#8221; custom_padding=&#8221;0px||0px||true&#8221; hover_enabled=&#8221;0&#8243; make_fullwidth=&#8221;on&#8221; sticky_enabled=&#8221;0&#8243;][et_pb_column type=&#8221;2_5&#8243; _builder_version=&#8221;4.7.7&#8243; background_image=&#8221;https:\/\/campingpuroalentejo.com\/fr\/wp-content\/uploads\/2023\/05\/espaco_23.jpg&#8221; custom_padding=&#8221;|||&#8221; hover_enabled=&#8221;0&#8243; custom_padding__hover=&#8221;|||&#8221; title_text=&#8221;espa\u00e7o_23&#8243; sticky_enabled=&#8221;0&#8243;][et_pb_divider show_divider=&#8221;off&#8221; _builder_version=&#8221;3.19.11&#8243; height=&#8221;250px&#8221; custom_margin=&#8221;0px||0px||true&#8221; custom_padding=&#8221;0px||0px||true&#8221;][\/et_pb_divider][\/et_pb_column][et_pb_column type=&#8221;3_5&#8243; _builder_version=&#8221;4.2.2&#8243; background_color=&#8221;#849143&#8243; custom_padding=&#8221;80px|30px|80px|30px&#8221; custom_padding_tablet=&#8221;70px||70px||true&#8221; custom_padding_phone=&#8221;60px||60px||true&#8221; custom_padding_last_edited=&#8221;on|desktop&#8221; padding_phone=&#8221;60px||60px||true&#8221; padding_tablet=&#8221;70px||70px||true&#8221; padding_last_edited=&#8221;on|desktop&#8221; custom_padding__hover=&#8221;|||&#8221;][et_pb_text _builder_version=&#8221;4.3.4&#8243; text_font=&#8221;||||||||&#8221; header_font=&#8221;||||||||&#8221; header_text_align=&#8221;left&#8221; header_2_font=&#8221;||||||||&#8221; text_orientation=&#8221;justified&#8221; background_layout=&#8221;dark&#8221; max_width=&#8221;560px&#8221; module_alignment=&#8221;center&#8221; custom_margin=&#8221;0px||0px||true&#8221; custom_padding=&#8221;0px||0px||true&#8221;]<\/p>\n<h1 style=\"padding-bottom: 0px;\">L\u2019Endroit<\/h1>\n<p>[\/et_pb_text][et_pb_divider color=&#8221;#ffffff&#8221; divider_position=&#8221;center&#8221; divider_weight=&#8221;3px&#8221; _builder_version=&#8221;4.2.2&#8243; max_width=&#8221;560px&#8221; module_alignment=&#8221;center&#8221; height=&#8221;30px&#8221; custom_margin=&#8221;0px||20px||false|false&#8221; custom_padding=&#8221;0px||0px||true&#8221; custom_css_before=&#8221;max-width: 60px;&#8221;][\/et_pb_divider][et_pb_text _builder_version=&#8221;4.3.4&#8243; text_font=&#8221;||||||||&#8221; header_font=&#8221;||||||||&#8221; header_text_align=&#8221;left&#8221; text_orientation=&#8221;justified&#8221; background_layout=&#8221;dark&#8221; max_width=&#8221;560px&#8221; module_alignment=&#8221;center&#8221; custom_margin=&#8221;0px||0px||true&#8221; custom_padding=&#8221;0px||0px||true&#8221;]On parle de neuf ha de ch\u00eanes et oliviers qui pointillent au jour le jour do Puro  Alentejo. On peut se d\u00e9tendre pr\u00e8s de la piscine et planifier une feuille de route historique par les villages et petites villages de la r\u00e9gion. <\/p>\n<p>Si vous voulez de la compagnie vous pouvez se joindre \u00e0 Paula, \u00e0 Bobby et \u00e0 Tubar\u00e3o (Requin) dans le  bar du camping et, plus tard, se laissant surprendre par l\u2019interminable couch\u00e9 du soleil. Dans la soir\u00e9e, partager des histoires dans le Boma au tour de l\u2019accueillant feu africain allum\u00e9 dans cette pleine de l\u2019Alentejo.<\/p>\n<p> Chez le camping Puro Alentejo toute heure \u00e9 bonne pour arriver, stationner la roulotte ou planter la tente, prendre une bonne douche, charger son portable et planifier des jours tranquilles dans la compagnie des amies, famille et animaux.   Tubar\u00e3o (Requin) n\u2019est pas f\u00e9roce que de nom.[\/et_pb_text][\/et_pb_column][\/et_pb_row][\/et_pb_section][et_pb_section fb_built=&#8221;1&#8243; custom_padding_last_edited=&#8221;on|desktop&#8221; _builder_version=&#8221;4.2.2&#8243; background_color=&#8221;#f2f2f2&#8243; custom_margin=&#8221;0px||0px||true&#8221; custom_padding=&#8221;90px||90px||true|&#8221; custom_padding_tablet=&#8221;70px||70px||true&#8221; custom_padding_phone=&#8221;60px||60px||true&#8221; locked=&#8221;off&#8221;][et_pb_row column_structure=&#8221;3_5,2_5&#8243; _builder_version=&#8221;4.2.2&#8243; width=&#8221;90%&#8221; max_width=&#8221;1200px&#8221; custom_margin=&#8221;0px||0px||true&#8221; custom_padding=&#8221;0px||0px||true|false&#8221;][et_pb_column type=&#8221;3_5&#8243; _builder_version=&#8221;3.25&#8243; custom_padding=&#8221;|||&#8221; custom_padding__hover=&#8221;|||&#8221;][et_pb_text _builder_version=&#8221;4.3.4&#8243; text_font=&#8221;||||||||&#8221; header_font=&#8221;||||||||&#8221; header_text_align=&#8221;left&#8221; text_orientation=&#8221;justified&#8221; custom_margin=&#8221;0px||0px||true&#8221; custom_padding=&#8221;0px||0px||true&#8221;]<\/p>\n<h1 style=\"padding-bottom: 0px;\">La r\u00e9gion<\/h1>\n<p>[\/et_pb_text][et_pb_divider divider_position=&#8221;center&#8221; divider_weight=&#8221;3px&#8221; _builder_version=&#8221;4.2.2&#8243; max_width=&#8221;60px&#8221; module_alignment=&#8221;left&#8221; height=&#8221;30px&#8221; custom_margin=&#8221;0px||20px||false|false&#8221; custom_padding=&#8221;0px||0px||true&#8221;][\/et_pb_divider][et_pb_text _builder_version=&#8221;4.3.4&#8243; text_font=&#8221;||||||||&#8221; header_font=&#8221;||||||||&#8221; header_text_align=&#8221;left&#8221; text_orientation=&#8221;justified&#8221; custom_margin=&#8221;0px||0px||true&#8221; custom_padding=&#8221;0px||0px||true&#8221;]Faites du Camping Puro Alentejo votre base pour des petites et grandes explorations de la r\u00e9gion fronti\u00e8re de le Haut Alentejo. Situ\u00e9 \u00e0 deux heures de Lisbonne, \u00e0 vingt minutes de la fronti\u00e8re espagnole et \u00e0 quinze d\u2019Elvas, ville classifi\u00e9 par l\u2019Unesco Patrimoine Mondial de l\u2019Humanit\u00e9, le camping offre, dans un rayon de 20 km, des monuments  nationaux qui vont d\u00e8s le distante N\u00e9o-chalcolithique, comme le Tapir de la Coutada de Barbacena, jusqu\u2019aux murailles du XVII\u00e8me si\u00e8cle qui font d\u2019Elvas la reine de la fronti\u00e8re.<\/p>\n<p> Dans les plats de l\u2019Alentejo, le pain, le porc, et les olives sont les ingr\u00e9dients dominants de la savoureuse  gastronomie et qui rivalisent  par la saveur, avec le jambon ib\u00e9rique des terres espagnoles.<\/p>\n<p> A travers dans parcours par l\u2019Histoire ou \u00e0 la table \u00ab\u00a0alentejaine\u00a0\u00bb vous pouvez toujours compter sur les orientations de Paula et de Bobby.[\/et_pb_text][\/et_pb_column][et_pb_column type=&#8221;2_5&#8243; _builder_version=&#8221;3.25&#8243; custom_padding=&#8221;|||&#8221; custom_padding__hover=&#8221;|||&#8221;][et_pb_image src=&#8221;https:\/\/campingpuroalentejo.com\/fr\/wp-content\/uploads\/2020\/03\/CPA_Regiao_01.jpg&#8221; align=&#8221;center&#8221; align_tablet=&#8221;center&#8221; align_phone=&#8221;&#8221; align_last_edited=&#8221;on|desktop&#8221; _builder_version=&#8221;4.3.4&#8243; custom_margin=&#8221;0px||0px||true&#8221; custom_padding=&#8221;0px||0px||true&#8221; border_width_all=&#8221;12px&#8221; border_color_all=&#8221;#ffffff&#8221;][\/et_pb_image][\/et_pb_column][\/et_pb_row][\/et_pb_section][et_pb_section fb_built=&#8221;1&#8243; custom_padding_last_edited=&#8221;on|desktop&#8221; _builder_version=&#8221;4.3.4&#8243; background_image=&#8221;https:\/\/campingpuroalentejo.com\/fr\/wp-content\/uploads\/2020\/03\/CPA_Footer_bg_02.jpg&#8221; parallax=&#8221;on&#8221; parallax_method=&#8221;off&#8221; custom_margin=&#8221;0px||0px||true&#8221; custom_padding=&#8221;120px||120px||true|&#8221; custom_padding_tablet=&#8221;100px||100px||true&#8221; custom_padding_phone=&#8221;80px||80px||true&#8221; global_module=&#8221;41203&#8243; saved_tabs=&#8221;all&#8221;][et_pb_row _builder_version=&#8221;3.27.3&#8243; width=&#8221;90%&#8221; custom_margin=&#8221;0px||0px||true&#8221; custom_padding=&#8221;0px||0px||true&#8221;][et_pb_column type=&#8221;4_4&#8243; _builder_version=&#8221;3.25&#8243; custom_padding=&#8221;|||&#8221; custom_padding__hover=&#8221;|||&#8221;][et_pb_text disabled_on=&#8221;on|on|off&#8221; _builder_version=&#8221;4.3.4&#8243; text_font=&#8221;||||||||&#8221; text_font_size=&#8221;18px&#8221; header_font=&#8221;||||||||&#8221; header_2_font_size=&#8221;25px&#8221; text_orientation=&#8221;center&#8221; background_layout=&#8221;dark&#8221; max_width=&#8221;730px&#8221; module_alignment=&#8221;center&#8221; custom_margin=&#8221;0px||0px||true&#8221; custom_padding=&#8221;0px||0px||true&#8221; text_font_size_tablet=&#8221;17px&#8221; text_font_size_phone=&#8221;16px&#8221; text_font_size_last_edited=&#8221;on|desktop&#8221; header_2_font_size_tablet=&#8221;22px&#8221; header_2_font_size_phone=&#8221;18px&#8221; header_2_font_size_last_edited=&#8221;on|desktop&#8221;]<\/p>\n<h2 style=\"padding-bottom: 15px;\">FAITES ICI VOTRE R\u00c9SERVATION !<\/h2>\n<p>[\/et_pb_text][et_pb_text disabled_on=&#8221;off|off|off&#8221; _builder_version=&#8221;4.3.4&#8243; text_font=&#8221;||||||||&#8221; text_font_size=&#8221;15px&#8221; header_font=&#8221;|700||on|||||&#8221; header_font_size=&#8221;31px&#8221; text_orientation=&#8221;center&#8221; background_layout=&#8221;dark&#8221; module_alignment=&#8221;center&#8221; custom_margin=&#8221;0px||0px||true&#8221; custom_padding=&#8221;0px||0px||true&#8221; header_font_size_tablet=&#8221;25px&#8221; header_font_size_phone=&#8221;22px&#8221; header_font_size_last_edited=&#8221;on|desktop&#8221;]<\/p>\n<h1 style=\"padding-bottom: 0px;\">CONTACTEZ-NOUS POUR PLUS D&#8217;INFORMATIONS<\/h1>\n<p>[\/et_pb_text][\/et_pb_column][\/et_pb_row][et_pb_row use_custom_gutter=&#8221;on&#8221; gutter_width=&#8221;2&#8243; _builder_version=&#8221;3.27.4&#8243; max_width=&#8221;660px&#8221; custom_margin=&#8221;0px||0px||true|false&#8221; custom_padding=&#8221;20px||30px||false|false&#8221;][et_pb_column type=&#8221;4_4&#8243; _builder_version=&#8221;3.27.3&#8243;][et_pb_text module_class=&#8221;linkcont01&#8243; _builder_version=&#8221;4.2.2&#8243; text_font=&#8221;|700|||||||&#8221; text_font_size=&#8221;22px&#8221; text_line_height=&#8221;1.5em&#8221; header_font=&#8221;||||||||&#8221; text_orientation=&#8221;center&#8221; background_layout=&#8221;dark&#8221; max_width=&#8221;730px&#8221; module_alignment=&#8221;center&#8221; custom_margin=&#8221;0px||0px||true&#8221; custom_padding=&#8221;0px||0px||true&#8221; text_font_size_tablet=&#8221;20px&#8221; text_font_size_phone=&#8221;&#8221; text_font_size_last_edited=&#8221;on|desktop&#8221;]T. <a class=\"linkparalax01\" href=\"tel:966 828 740\">966 828 740<\/a> <a href=\"mailto:campingpuroalentejo@gmail.com\">campingpuroalentejo@gmail.com<\/a>[\/et_pb_text][\/et_pb_column][\/et_pb_row][et_pb_row module_class=&#8221;btcolor02&#8243; _builder_version=&#8221;3.27.3&#8243; custom_margin=&#8221;0px||0px||true&#8221; custom_padding=&#8221;0px||0px||true&#8221;][et_pb_column type=&#8221;4_4&#8243; _builder_version=&#8221;3.25&#8243; custom_padding=&#8221;|||&#8221; custom_padding__hover=&#8221;|||&#8221;][et_pb_button button_url=&#8221;https:\/\/campingpuroalentejo.com\/fr\/reservas\/&#8221; button_text=&#8221;Faites une r\u00e9servation&#8221; button_alignment=&#8221;center&#8221; _builder_version=&#8221;4.3.4&#8243; custom_margin=&#8221;0px||0px||true&#8221;][\/et_pb_button][\/et_pb_column][\/et_pb_row][\/et_pb_section][et_pb_section fb_built=&#8221;1&#8243; disabled_on=&#8221;off|off|off&#8221; _builder_version=&#8221;3.27.3&#8243; background_color=&#8221;#ffffff&#8221; custom_margin=&#8221;0px|0px|0px|0px|true|true&#8221; custom_padding=&#8221;0px|0px|0px|0px|true|true&#8221; custom_padding_tablet=&#8221;0px||0px|&#8221; global_module=&#8221;41197&#8243; saved_tabs=&#8221;all&#8221;][et_pb_row column_structure=&#8221;3_5,2_5&#8243; column_padding_mobile=&#8221;on&#8221; custom_padding_last_edited=&#8221;on|desktop&#8221; module_class=&#8221; et_pb_row_fullwidth&#8221; _builder_version=&#8221;3.27.3&#8243; background_size=&#8221;initial&#8221; background_position=&#8221;top_left&#8221; background_repeat=&#8221;repeat&#8221; width=&#8221;95%&#8221; max_width=&#8221;95%&#8221; module_alignment=&#8221;center&#8221; custom_margin=&#8221;0px|0px|0px|0px|true|true&#8221; custom_padding=&#8221;40px|0px|40px|0px|true|true&#8221; custom_padding_tablet=&#8221;|25px||25px|true|true&#8221; custom_padding_phone=&#8221;||||true|true&#8221; make_fullwidth=&#8221;on&#8221;][et_pb_column type=&#8221;3_5&#8243; _builder_version=&#8221;3.25&#8243; custom_padding=&#8221;|||&#8221; custom_padding__hover=&#8221;|||&#8221;][et_pb_text admin_label=&#8221;Rodape nome do site&#8221; module_class=&#8221;LinkFooterBranco&#8221; _builder_version=&#8221;4.4.7&#8243; text_font=&#8221;||||||||&#8221; text_font_size=&#8221;12px&#8221; text_line_height=&#8221;1.4em&#8221; background_size=&#8221;initial&#8221; background_position=&#8221;top_left&#8221; background_repeat=&#8221;repeat&#8221; custom_margin=&#8221;0px||0px||true&#8221; custom_padding=&#8221;0px||0px||true&#8221; text_text_align=&#8221;left&#8221; text_text_align_tablet=&#8221;center&#8221; text_text_align_last_edited=&#8221;on|desktop&#8221;]<\/p>\n<p style=\"padding-bottom: 8px; font-size: 14px;\">\u00a9 Camping Puro Alentejo &#8211; Camping rural<\/p>\n<p style=\"padding-bottom: 8px; font-size: 12px;\">Registo Nacional de Turismo: RNT N\u00ba 8903<\/p>\n<p style=\"padding-bottom: 2px;\"><a target=\"_blank\" href=\"https:\/\/www.livroreclamacoes.pt\/inicio\" rel=\"noopener noreferrer\">Complaint book<\/a> \u00a0\u00a0 <a href=\"https:\/\/campingpuroalentejo.com\/fr\/protecao-de-dados\/#RLO\">Online Dispute Resolution<\/a> \u00a0\u00a0 <a href=\"https:\/\/campingpuroalentejo.com\/fr\/protecao-de-dados\/#PP\"> Privacy<\/a> \u00a0\u00a0 <a href=\"https:\/\/campingpuroalentejo.com\/fr\/protecao-de-dados\/#PC\">Cookies<\/a><\/p>\n<p style=\"padding-bottom: 0px;\">webdesign by: <a href=\"https:\/\/criativo.net\/\" target=\"_blank\" rel=\"noopener noreferrer\">criativo.net<\/a><\/p>\n<p>[\/et_pb_text][\/et_pb_column][et_pb_column type=&#8221;2_5&#8243; _builder_version=&#8221;3.25&#8243; custom_padding=&#8221;|||&#8221; custom_padding__hover=&#8221;|||&#8221;][et_pb_social_media_follow use_icon_font_size=&#8221;on&#8221; icon_font_size=&#8221;15px&#8221; _builder_version=&#8221;4.4.7&#8243; text_orientation=&#8221;right&#8221; custom_margin=&#8221;0px|60px|0px||true|false&#8221; custom_margin_tablet=&#8221;|0px|||true|false&#8221; custom_margin_phone=&#8221;&#8221; custom_margin_last_edited=&#8221;on|desktop&#8221; custom_padding=&#8221;0px||0px||true|false&#8221; text_orientation_tablet=&#8221;center&#8221; text_orientation_phone=&#8221;&#8221; text_orientation_last_edited=&#8221;on|desktop&#8221; border_radii=&#8221;on|50px|50px|50px|50px&#8221;][et_pb_social_media_follow_network social_network=&#8221;facebook&#8221; url=&#8221;https:\/\/www.facebook.com\/Camping-Puro-Alentejo-624189011274627\/&#8221; _builder_version=&#8221;4.2.2&#8243; background_color=&#8221;#3b5998&#8243; custom_margin=&#8221;0px|0px|0px|0px|true|true&#8221; custom_padding=&#8221;0px|0px|0px|0px|true|true&#8221; follow_button=&#8221;off&#8221; url_new_window=&#8221;on&#8221;]facebook[\/et_pb_social_media_follow_network][et_pb_social_media_follow_network social_network=&#8221;facebook&#8221; url=&#8221;https:\/\/wa.me\/351966828740&#8243; icon_color=&#8221;rgba(0,0,0,0)&#8221; _builder_version=&#8221;4.2.2&#8243; background_color=&#8221;#24CD63&#8243; background_enable_color=&#8221;on&#8221; background_image=&#8221;https:\/\/campingpuroalentejo.com\/fr\/wp-content\/uploads\/2020\/02\/CPA_whatsapp_01.2.png&#8221; background_enable_image=&#8221;on&#8221; custom_margin=&#8221;0px|0px|0px|0px|true|true&#8221; custom_padding=&#8221;0px|0px|0px|0px|true|true&#8221; follow_button=&#8221;off&#8221; url_new_window=&#8221;on&#8221;]facebook[\/et_pb_social_media_follow_network][et_pb_social_media_follow_network social_network=&#8221;instagram&#8221; url=&#8221;https:\/\/www.instagram.com\/campingpuroalentejo\/&#8221; _builder_version=&#8221;4.4.7&#8243; background_color=&#8221;#ea2c59&#8243; custom_margin=&#8221;0px|0px|0px|0px|true|true&#8221; custom_padding=&#8221;0px|0px|0px|0px|true|true&#8221; follow_button=&#8221;off&#8221; url_new_window=&#8221;on&#8221;]instagram[\/et_pb_social_media_follow_network][\/et_pb_social_media_follow][et_pb_image src=&#8221;https:\/\/campingpuroalentejo.com\/fr\/wp-content\/uploads\/2019\/01\/certificado-ssl-en.png&#8221; align=&#8221;right&#8221; align_tablet=&#8221;center&#8221; align_phone=&#8221;&#8221; align_last_edited=&#8221;on|desktop&#8221; disabled_on=&#8221;on|on|off&#8221; _builder_version=&#8221;4.3.4&#8243; custom_margin=&#8221;-33px|200px|0px|0px|false|false&#8221; custom_margin_tablet=&#8221;20px|0px||0px|false|true&#8221; custom_margin_phone=&#8221;&#8221; custom_margin_last_edited=&#8221;on|tablet&#8221; custom_padding=&#8221;0px|0px|0px|0px|true|true&#8221;][\/et_pb_image][\/et_pb_column][\/et_pb_row][\/et_pb_section]<\/p>\n","protected":false},"excerpt":{"rendered":"<p>Nous TroisLes ann\u00e9es se sont pass\u00e9es, pour qu\u2019ils arrivent ici et descendent dans la derni\u00e8re station: la plaine de l\u2019Alentejo. Ils se sont venus d\u2019h\u00e9misph\u00e8res oppos\u00e9s; Bobby transport dans son bagage les latitudes africaines. Mozambique, Malawi, Tanzanie, Sao Tom\u00e9 et Pr\u00edncipe et l\u2019Afrique du Sud, o\u00f9 il est n\u00e9. Paula a retourn\u00e9 \u00e0 la terre [&hellip;]<\/p>\n","protected":false},"author":3,"featured_media":0,"parent":0,"menu_order":0,"comment_status":"closed","ping_status":"closed","template":"","meta":{"_et_pb_use_builder":"on","_et_pb_old_content":"","_et_gb_content_width":"","footnotes":""},"class_list":["post-39464","page","type-page","status-publish","hentry"],"_links":{"self":[{"href":"https:\/\/campingpuroalentejo.com\/fr\/wp-json\/wp\/v2\/pages\/39464","targetHints":{"allow":["GET"]}}],"collection":[{"href":"https:\/\/campingpuroalentejo.com\/fr\/wp-json\/wp\/v2\/pages"}],"about":[{"href":"https:\/\/campingpuroalentejo.com\/fr\/wp-json\/wp\/v2\/types\/page"}],"author":[{"embeddable":true,"href":"https:\/\/campingpuroalentejo.com\/fr\/wp-json\/wp\/v2\/users\/3"}],"replies":[{"embeddable":true,"href":"https:\/\/campingpuroalentejo.com\/fr\/wp-json\/wp\/v2\/comments?post=39464"}],"version-history":[{"count":24,"href":"https:\/\/campingpuroalentejo.com\/fr\/wp-json\/wp\/v2\/pages\/39464\/revisions"}],"predecessor-version":[{"id":42395,"href":"https:\/\/campingpuroalentejo.com\/fr\/wp-json\/wp\/v2\/pages\/39464\/revisions\/42395"}],"wp:attachment":[{"href":"https:\/\/campingpuroalentejo.com\/fr\/wp-json\/wp\/v2\/media?parent=39464"}],"curies":[{"name":"wp","href":"https:\/\/api.w.org\/{rel}","templated":true}]}}