{"id":39465,"date":"2020-01-27T11:44:14","date_gmt":"2020-01-27T11:44:14","guid":{"rendered":"https:\/\/campingpuroalentejo.com\/gr\/?page_id=39465"},"modified":"2023-05-03T15:59:23","modified_gmt":"2023-05-03T15:59:23","slug":"para-si","status":"publish","type":"page","link":"https:\/\/campingpuroalentejo.com\/gr\/para-si\/","title":{"rendered":"Para si"},"content":{"rendered":"<p>[et_pb_section fb_built=&#8221;1&#8243; next_background_color=&#8221;#f2f2f2&#8243; _builder_version=&#8221;4.3.4&#8243; background_image=&#8221;https:\/\/campingpuroalentejo.com\/gr\/wp-content\/uploads\/2020\/03\/CPA_ParaSi_top_bg_02.jpg&#8221; custom_margin=&#8221;0px||0px||true|false&#8221; custom_padding=&#8221;0px||0px||true|false&#8221; bottom_divider_style=&#8221;triangle&#8221; bottom_divider_height=&#8221;30px&#8221; bottom_divider_flip=&#8221;vertical&#8221; bottom_divider_arrangement=&#8221;above_content&#8221;][et_pb_row _builder_version=&#8221;4.2.2&#8243; custom_margin=&#8221;0px||0px||true|false&#8221; custom_padding=&#8221;50px||100px||false|false&#8221;][et_pb_column type=&#8221;4_4&#8243; _builder_version=&#8221;4.2.2&#8243;][et_pb_text _builder_version=&#8221;4.4.0&#8243; text_font=&#8221;||||||||&#8221; header_font=&#8221;||||||||&#8221; header_text_align=&#8221;center&#8221; background_layout=&#8221;dark&#8221; custom_margin=&#8221;0px||0px||true&#8221; custom_padding=&#8221;0px||0px||true&#8221; locked=&#8221;off&#8221;]<\/p>\n<h1 style=\"padding-bottom: 0px;\">F\u00dcR SIE<\/h1>\n<p>[\/et_pb_text][et_pb_divider color=&#8221;#e6c792&#8243; divider_position=&#8221;center&#8221; divider_weight=&#8221;3px&#8221; _builder_version=&#8221;4.2.2&#8243; max_width=&#8221;60px&#8221; module_alignment=&#8221;center&#8221; height=&#8221;30px&#8221; custom_margin=&#8221;0px||20px||false|false&#8221; custom_padding=&#8221;0px||0px||true&#8221; locked=&#8221;off&#8221;][\/et_pb_divider][et_pb_text _builder_version=&#8221;4.4.0&#8243; text_font=&#8221;||||||||&#8221; text_font_size=&#8221;18px&#8221; header_font=&#8221;||||||||&#8221; header_text_align=&#8221;left&#8221; text_orientation=&#8221;center&#8221; background_layout=&#8221;dark&#8221; max_width=&#8221;910px&#8221; module_alignment=&#8221;center&#8221; custom_margin=&#8221;0px||0px||true&#8221; custom_padding=&#8221;0px||0px||true&#8221; locked=&#8221;off&#8221;]Camping Puro Alentejos Credo ist \u201eRespekt f\u00fcr die Umwelt und die Privatsph\u00e4re der anderen G\u00e4ste\u201c. Kinder sind herzlich willkommen, genau so wie Haustiere. Wir haben das ganze Jahr f\u00fcr Sie ge\u00f6ffnet.[\/et_pb_text][\/et_pb_column][\/et_pb_row][\/et_pb_section][et_pb_section fb_built=&#8221;1&#8243; custom_padding_last_edited=&#8221;on|desktop&#8221; _builder_version=&#8221;4.2.2&#8243; background_color=&#8221;#f2f2f2&#8243; custom_margin=&#8221;0px||0px||true&#8221; custom_padding=&#8221;90px||90px||true|&#8221; custom_padding_tablet=&#8221;70px||70px||true&#8221; custom_padding_phone=&#8221;60px||60px||true&#8221; locked=&#8221;off&#8221;][et_pb_row column_structure=&#8221;1_2,1_2&#8243; use_custom_gutter=&#8221;on&#8221; gutter_width=&#8221;2&#8243; _builder_version=&#8221;4.2.2&#8243; width=&#8221;90%&#8221; max_width=&#8221;1200px&#8221; custom_margin=&#8221;0px||0px||true|false&#8221; custom_padding=&#8221;0px||0px||true|false&#8221;][et_pb_column type=&#8221;1_2&#8243; _builder_version=&#8221;4.2.2&#8243;][et_pb_text module_class=&#8221;ullib&#8221; _builder_version=&#8221;4.7.7&#8243; hover_enabled=&#8221;0&#8243; sticky_enabled=&#8221;0&#8243;]<\/p>\n<ul>\n<li>Rollstuhlgerecht<\/li>\n<li>Rezeption \/ Touristeninformation<\/li>\n<li>Barservice und leichte Mahlzeiten<\/li>\n<li>Grillzone<\/li>\n<li>Swimmingpool (von Juni bis Oktober)<\/li>\n<li>Toilettenanlagen mit Warmwasser<\/li>\n<\/ul>\n<p>[\/et_pb_text][\/et_pb_column][et_pb_column type=&#8221;1_2&#8243; _builder_version=&#8221;4.2.2&#8243;][et_pb_text module_class=&#8221;ullib&#8221; _builder_version=&#8221;4.7.7&#8243; hover_enabled=&#8221;0&#8243; sticky_enabled=&#8221;0&#8243;]<\/p>\n<ul>\n<li>Waschk\u00fcche und Geschirrsp\u00fcl-Bereich<\/li>\n<li>Waschmaschinen und Trockner<\/li>\n<li>Wohnmobil-Services<\/li>\n<li>Energieversorgung (10 A)<\/li>\n<li>Frisches Brot<\/li>\n<li>WLAN (im Barbereich)<\/li>\n<\/ul>\n<p>[\/et_pb_text][\/et_pb_column][\/et_pb_row][et_pb_row column_structure=&#8221;1_3,1_3,1_3&#8243; use_custom_gutter=&#8221;on&#8221; gutter_width=&#8221;2&#8243; _builder_version=&#8221;4.2.2&#8243; width=&#8221;90%&#8221; max_width=&#8221;1200px&#8221; custom_margin=&#8221;0px||0px||true|false&#8221; custom_padding=&#8221;80px||0px||false|false&#8221;][et_pb_column type=&#8221;1_3&#8243; _builder_version=&#8221;4.2.2&#8243;][et_pb_image src=&#8221;https:\/\/campingpuroalentejo.com\/gr\/wp-content\/uploads\/2023\/05\/para_si_23_01.jpg&#8221; align=&#8221;center&#8221; _builder_version=&#8221;4.7.7&#8243; custom_margin=&#8221;0px||0px||true|false&#8221; custom_padding=&#8221;0px||0px||true|false&#8221; hover_enabled=&#8221;0&#8243; title_text=&#8221;para_si_23_01&#8243; sticky_enabled=&#8221;0&#8243;][\/et_pb_image][\/et_pb_column][et_pb_column type=&#8221;1_3&#8243; _builder_version=&#8221;4.2.2&#8243;][et_pb_image src=&#8221;https:\/\/campingpuroalentejo.com\/gr\/wp-content\/uploads\/2023\/05\/para_si_23_02.jpg&#8221; align=&#8221;center&#8221; _builder_version=&#8221;4.7.7&#8243; custom_margin=&#8221;0px||0px||true|false&#8221; custom_padding=&#8221;0px||0px||true|false&#8221; hover_enabled=&#8221;0&#8243; title_text=&#8221;para_si_23_02&#8243; sticky_enabled=&#8221;0&#8243;][\/et_pb_image][\/et_pb_column][et_pb_column type=&#8221;1_3&#8243; _builder_version=&#8221;4.2.2&#8243;][et_pb_image src=&#8221;https:\/\/campingpuroalentejo.com\/gr\/wp-content\/uploads\/2023\/05\/para_si_23_03.jpg&#8221; align=&#8221;center&#8221; _builder_version=&#8221;4.7.7&#8243; custom_margin=&#8221;0px||0px||true|false&#8221; custom_padding=&#8221;0px||0px||true|false&#8221; hover_enabled=&#8221;0&#8243; title_text=&#8221;para_si_23_03&#8243; sticky_enabled=&#8221;0&#8243;][\/et_pb_image][\/et_pb_column][\/et_pb_row][et_pb_row column_structure=&#8221;1_3,1_3,1_3&#8243; use_custom_gutter=&#8221;on&#8221; gutter_width=&#8221;2&#8243; _builder_version=&#8221;4.2.2&#8243; width=&#8221;90%&#8221; max_width=&#8221;1200px&#8221; custom_margin=&#8221;0px||0px||true|false&#8221; custom_padding=&#8221;35px||0px||false|false&#8221;][et_pb_column type=&#8221;1_3&#8243; _builder_version=&#8221;4.2.2&#8243;][et_pb_image src=&#8221;https:\/\/campingpuroalentejo.com\/gr\/wp-content\/uploads\/2023\/05\/para_si_23_04.jpg&#8221; align=&#8221;center&#8221; _builder_version=&#8221;4.7.7&#8243; custom_margin=&#8221;0px||0px||true|false&#8221; custom_padding=&#8221;0px||0px||true|false&#8221; hover_enabled=&#8221;0&#8243; title_text=&#8221;para_si_23_04&#8243; sticky_enabled=&#8221;0&#8243;][\/et_pb_image][\/et_pb_column][et_pb_column type=&#8221;1_3&#8243; _builder_version=&#8221;4.2.2&#8243;][et_pb_image src=&#8221;https:\/\/campingpuroalentejo.com\/gr\/wp-content\/uploads\/2023\/05\/para_si_23_05.jpg&#8221; title_text=&#8221;para_si_23_05&#8243; align=&#8221;center&#8221; _builder_version=&#8221;4.7.7&#8243; custom_margin=&#8221;0px||0px||true|false&#8221; custom_padding=&#8221;0px||0px||true|false&#8221; hover_enabled=&#8221;0&#8243; sticky_enabled=&#8221;0&#8243;][\/et_pb_image][\/et_pb_column][et_pb_column type=&#8221;1_3&#8243; _builder_version=&#8221;4.2.2&#8243;][et_pb_image src=&#8221;https:\/\/campingpuroalentejo.com\/gr\/wp-content\/uploads\/2023\/05\/para_si_23_06.jpg&#8221; align=&#8221;center&#8221; _builder_version=&#8221;4.7.7&#8243; custom_margin=&#8221;0px||0px||true|false&#8221; custom_padding=&#8221;0px||0px||true|false&#8221; hover_enabled=&#8221;0&#8243; title_text=&#8221;para_si_23_06&#8243; sticky_enabled=&#8221;0&#8243;][\/et_pb_image][\/et_pb_column][\/et_pb_row][\/et_pb_section][et_pb_section fb_built=&#8221;1&#8243; custom_padding_last_edited=&#8221;on|desktop&#8221; _builder_version=&#8221;4.2.2&#8243; background_color=&#8221;#f2f2f2&#8243; custom_margin=&#8221;0px||0px||true&#8221; custom_padding=&#8221;90px||90px||true|&#8221; custom_padding_tablet=&#8221;70px||70px||true&#8221; custom_padding_phone=&#8221;60px||60px||true&#8221; locked=&#8221;off&#8221; disabled_on=&#8221;on|on|on&#8221; disabled=&#8221;on&#8221;][et_pb_row column_structure=&#8221;1_2,1_2&#8243; use_custom_gutter=&#8221;on&#8221; gutter_width=&#8221;2&#8243; _builder_version=&#8221;4.2.2&#8243; width=&#8221;90%&#8221; max_width=&#8221;1200px&#8221; custom_margin=&#8221;0px||0px||true|false&#8221; custom_padding=&#8221;0px||0px||true|false&#8221;][et_pb_column type=&#8221;1_2&#8243; _builder_version=&#8221;4.2.2&#8243;][et_pb_text module_class=&#8221;ullib&#8221; _builder_version=&#8221;4.4.7&#8243;]<\/p>\n<ul>\n<li>Rollstuhlgerecht<\/li>\n<li>Rezeption <\/li>\n<li>Bequeme Waschr\u00e4ume<\/li>\n<li>Waschk\u00fcche und Geschirrsp\u00fcl-Bereich<\/li>\n<li>Wohnmobil-Services<\/li>\n<li>Energieversorgung (10 A)<\/li>\n<li>Waschmaschinen und Trockner<\/li>\n<li>WLAN<\/li>\n<\/ul>\n<p>[\/et_pb_text][\/et_pb_column][et_pb_column type=&#8221;1_2&#8243; _builder_version=&#8221;4.2.2&#8243;][et_pb_text module_class=&#8221;ullib&#8221; _builder_version=&#8221;4.4.0&#8243;]<\/p>\n<ul>\n<li>Grundnahrungsmittel und frisches Brot<\/li>\n<li>Kleine Gerichte den ganzen Tag \/ Abendessen auf Bestellung<\/li>\n<li>Grillen<\/li>\n<li>Swimmingpool (von Juni bis Oktober)<\/li>\n<li>Outdoor Spielplatz<\/li>\n<li>Sonnenuntergang-Bar<\/li>\n<li>Afrikanisch inspiriertes Boma, ein gem\u00fctlicher Treffpunkt<\/li>\n<li>Ausfl\u00fcge und Touristenangebote k\u00f6nnen reserviert werden<\/li>\n<\/ul>\n<p>[\/et_pb_text][\/et_pb_column][\/et_pb_row][et_pb_row column_structure=&#8221;1_3,1_3,1_3&#8243; use_custom_gutter=&#8221;on&#8221; gutter_width=&#8221;2&#8243; _builder_version=&#8221;4.2.2&#8243; width=&#8221;90%&#8221; max_width=&#8221;1200px&#8221; custom_margin=&#8221;0px||0px||true|false&#8221; custom_padding=&#8221;80px||0px||false|false&#8221;][et_pb_column type=&#8221;1_3&#8243; _builder_version=&#8221;4.2.2&#8243;][et_pb_image src=&#8221;https:\/\/campingpuroalentejo.com\/gr\/wp-content\/uploads\/2020\/03\/CPA_ParaSi_Camping_gal_01.jpg&#8221; align=&#8221;center&#8221; _builder_version=&#8221;4.3.4&#8243; custom_margin=&#8221;0px||0px||true|false&#8221; custom_padding=&#8221;0px||0px||true|false&#8221;][\/et_pb_image][\/et_pb_column][et_pb_column type=&#8221;1_3&#8243; _builder_version=&#8221;4.2.2&#8243;][et_pb_image src=&#8221;https:\/\/campingpuroalentejo.com\/gr\/wp-content\/uploads\/2020\/03\/CPA_ParaSi_Camping_gal_02.2.jpg&#8221; align=&#8221;center&#8221; _builder_version=&#8221;4.3.4&#8243; custom_margin=&#8221;0px||0px||true|false&#8221; custom_padding=&#8221;0px||0px||true|false&#8221;][\/et_pb_image][\/et_pb_column][et_pb_column type=&#8221;1_3&#8243; _builder_version=&#8221;4.2.2&#8243;][et_pb_image src=&#8221;https:\/\/campingpuroalentejo.com\/gr\/wp-content\/uploads\/2020\/03\/CPA_ParaSi_Camping_gal_03.jpg&#8221; align=&#8221;center&#8221; _builder_version=&#8221;4.3.4&#8243; custom_margin=&#8221;0px||0px||true|false&#8221; custom_padding=&#8221;0px||0px||true|false&#8221;][\/et_pb_image][\/et_pb_column][\/et_pb_row][et_pb_row column_structure=&#8221;1_3,1_3,1_3&#8243; use_custom_gutter=&#8221;on&#8221; gutter_width=&#8221;2&#8243; _builder_version=&#8221;4.2.2&#8243; width=&#8221;90%&#8221; max_width=&#8221;1200px&#8221; custom_margin=&#8221;0px||0px||true|false&#8221; custom_padding=&#8221;35px||0px||false|false&#8221;][et_pb_column type=&#8221;1_3&#8243; _builder_version=&#8221;4.2.2&#8243;][et_pb_image src=&#8221;https:\/\/campingpuroalentejo.com\/gr\/wp-content\/uploads\/2020\/03\/CPA_ParaSi_Camping_gal_04.jpg&#8221; align=&#8221;center&#8221; _builder_version=&#8221;4.3.4&#8243; custom_margin=&#8221;0px||0px||true|false&#8221; custom_padding=&#8221;0px||0px||true|false&#8221;][\/et_pb_image][\/et_pb_column][et_pb_column type=&#8221;1_3&#8243; _builder_version=&#8221;4.2.2&#8243;][et_pb_image src=&#8221;https:\/\/campingpuroalentejo.com\/gr\/wp-content\/uploads\/2020\/06\/CPA_ParaSi_Camping_gal_05.2_new.jpg&#8221; title_text=&#8221;CPA_ParaSi_Camping_gal_05.2_new&#8221; align=&#8221;center&#8221; _builder_version=&#8221;4.4.7&#8243; custom_margin=&#8221;0px||0px||true|false&#8221; custom_padding=&#8221;0px||0px||true|false&#8221;][\/et_pb_image][\/et_pb_column][et_pb_column type=&#8221;1_3&#8243; _builder_version=&#8221;4.2.2&#8243;][et_pb_image src=&#8221;https:\/\/campingpuroalentejo.com\/gr\/wp-content\/uploads\/2020\/03\/CPA_ParaSi_Camping_gal_06.jpg&#8221; align=&#8221;center&#8221; _builder_version=&#8221;4.3.4&#8243; custom_margin=&#8221;0px||0px||true|false&#8221; custom_padding=&#8221;0px||0px||true|false&#8221;][\/et_pb_image][\/et_pb_column][\/et_pb_row][\/et_pb_section][et_pb_section fb_built=&#8221;1&#8243; custom_padding_last_edited=&#8221;on|desktop&#8221; _builder_version=&#8221;4.3.4&#8243; background_image=&#8221;https:\/\/campingpuroalentejo.com\/gr\/wp-content\/uploads\/2020\/03\/CPA_Footer_bg_02.jpg&#8221; parallax=&#8221;on&#8221; parallax_method=&#8221;off&#8221; custom_margin=&#8221;0px||0px||true&#8221; custom_padding=&#8221;120px||120px||true|&#8221; custom_padding_tablet=&#8221;100px||100px||true&#8221; custom_padding_phone=&#8221;80px||80px||true&#8221; global_module=&#8221;41203&#8243; saved_tabs=&#8221;all&#8221;][et_pb_row _builder_version=&#8221;3.27.3&#8243; width=&#8221;90%&#8221; custom_margin=&#8221;0px||0px||true&#8221; custom_padding=&#8221;0px||0px||true&#8221;][et_pb_column type=&#8221;4_4&#8243; _builder_version=&#8221;3.25&#8243; custom_padding=&#8221;|||&#8221; custom_padding__hover=&#8221;|||&#8221;][et_pb_text disabled_on=&#8221;on|on|off&#8221; _builder_version=&#8221;4.4.0&#8243; text_font=&#8221;||||||||&#8221; text_font_size=&#8221;18px&#8221; header_font=&#8221;||||||||&#8221; header_2_font_size=&#8221;25px&#8221; text_orientation=&#8221;center&#8221; background_layout=&#8221;dark&#8221; max_width=&#8221;730px&#8221; module_alignment=&#8221;center&#8221; custom_margin=&#8221;0px||0px||true&#8221; custom_padding=&#8221;0px||0px||true&#8221; text_font_size_tablet=&#8221;17px&#8221; text_font_size_phone=&#8221;16px&#8221; text_font_size_last_edited=&#8221;on|desktop&#8221; header_2_font_size_tablet=&#8221;22px&#8221; header_2_font_size_phone=&#8221;18px&#8221; header_2_font_size_last_edited=&#8221;on|desktop&#8221;]<\/p>\n<h2 style=\"padding-bottom: 15px;\">Reservieren Sie hier!<\/h2>\n<p>[\/et_pb_text][et_pb_text disabled_on=&#8221;off|off|off&#8221; _builder_version=&#8221;4.4.0&#8243; text_font=&#8221;||||||||&#8221; text_font_size=&#8221;15px&#8221; header_font=&#8221;|700||on|||||&#8221; header_font_size=&#8221;26px&#8221; text_orientation=&#8221;center&#8221; background_layout=&#8221;dark&#8221; module_alignment=&#8221;center&#8221; custom_margin=&#8221;0px||0px||true&#8221; custom_padding=&#8221;0px||0px||true&#8221; header_font_size_tablet=&#8221;22px&#8221; header_font_size_phone=&#8221;18px&#8221; header_font_size_last_edited=&#8221;on|desktop&#8221;]<\/p>\n<h1 style=\"padding-bottom: 0px;\">Kontaktieren Sie uns f\u00fcr n\u00e4here Informationen<\/h1>\n<p>[\/et_pb_text][\/et_pb_column][\/et_pb_row][et_pb_row use_custom_gutter=&#8221;on&#8221; gutter_width=&#8221;2&#8243; _builder_version=&#8221;3.27.4&#8243; max_width=&#8221;660px&#8221; custom_margin=&#8221;0px||0px||true|false&#8221; custom_padding=&#8221;20px||30px||false|false&#8221;][et_pb_column type=&#8221;4_4&#8243; _builder_version=&#8221;3.27.3&#8243;][et_pb_text module_class=&#8221;linkcont01&#8243; _builder_version=&#8221;4.2.2&#8243; text_font=&#8221;|700|||||||&#8221; text_font_size=&#8221;22px&#8221; text_line_height=&#8221;1.5em&#8221; header_font=&#8221;||||||||&#8221; text_orientation=&#8221;center&#8221; background_layout=&#8221;dark&#8221; max_width=&#8221;730px&#8221; module_alignment=&#8221;center&#8221; custom_margin=&#8221;0px||0px||true&#8221; custom_padding=&#8221;0px||0px||true&#8221; text_font_size_tablet=&#8221;20px&#8221; text_font_size_phone=&#8221;&#8221; text_font_size_last_edited=&#8221;on|desktop&#8221;]T. <a class=\"linkparalax01\" href=\"tel:966 828 740\">966 828 740<\/a> <a href=\"mailto:campingpuroalentejo@gmail.com\">campingpuroalentejo@gmail.com<\/a>[\/et_pb_text][\/et_pb_column][\/et_pb_row][et_pb_row module_class=&#8221;btcolor02&#8243; _builder_version=&#8221;4.4.0&#8243; custom_margin=&#8221;0px||0px||true&#8221; custom_padding=&#8221;0px||0px||true&#8221;][et_pb_column type=&#8221;4_4&#8243; _builder_version=&#8221;3.25&#8243; custom_padding=&#8221;|||&#8221; custom_padding__hover=&#8221;|||&#8221;][et_pb_button button_url=&#8221;https:\/\/campingpuroalentejo.com\/gr\/reservas\/&#8221; button_text=&#8221;Reservieren&#8221; button_alignment=&#8221;center&#8221; _builder_version=&#8221;4.4.0&#8243; custom_margin=&#8221;0px||0px||true&#8221;][\/et_pb_button][\/et_pb_column][\/et_pb_row][\/et_pb_section][et_pb_section fb_built=&#8221;1&#8243; disabled_on=&#8221;off|off|off&#8221; _builder_version=&#8221;3.27.3&#8243; background_color=&#8221;#ffffff&#8221; custom_margin=&#8221;0px|0px|0px|0px|true|true&#8221; custom_padding=&#8221;0px|0px|0px|0px|true|true&#8221; custom_padding_tablet=&#8221;0px||0px|&#8221; global_module=&#8221;41197&#8243; saved_tabs=&#8221;all&#8221;][et_pb_row column_structure=&#8221;3_5,2_5&#8243; column_padding_mobile=&#8221;on&#8221; custom_padding_last_edited=&#8221;on|desktop&#8221; module_class=&#8221; et_pb_row_fullwidth&#8221; _builder_version=&#8221;3.27.3&#8243; background_size=&#8221;initial&#8221; background_position=&#8221;top_left&#8221; background_repeat=&#8221;repeat&#8221; width=&#8221;95%&#8221; max_width=&#8221;95%&#8221; module_alignment=&#8221;center&#8221; custom_margin=&#8221;0px|0px|0px|0px|true|true&#8221; custom_padding=&#8221;40px|0px|40px|0px|true|true&#8221; custom_padding_tablet=&#8221;|25px||25px|true|true&#8221; custom_padding_phone=&#8221;||||true|true&#8221; make_fullwidth=&#8221;on&#8221;][et_pb_column type=&#8221;3_5&#8243; _builder_version=&#8221;3.25&#8243; custom_padding=&#8221;|||&#8221; custom_padding__hover=&#8221;|||&#8221;][et_pb_text admin_label=&#8221;Rodape nome do site&#8221; module_class=&#8221;LinkFooterBranco&#8221; _builder_version=&#8221;4.4.7&#8243; text_font=&#8221;||||||||&#8221; text_font_size=&#8221;12px&#8221; text_line_height=&#8221;1.4em&#8221; background_size=&#8221;initial&#8221; background_position=&#8221;top_left&#8221; background_repeat=&#8221;repeat&#8221; custom_margin=&#8221;0px||0px||true&#8221; custom_padding=&#8221;0px||0px||true&#8221; text_text_align=&#8221;left&#8221; text_text_align_tablet=&#8221;center&#8221; text_text_align_last_edited=&#8221;on|desktop&#8221;]<\/p>\n<p style=\"padding-bottom: 8px; font-size: 14px;\">\u00a9 CAMPING PURO ALENTEJO \u2013 L\u00c4NDLICHER CAMPINGPLATZ<\/p>\n<p style=\"padding-bottom: 8px; font-size: 12px;\">Registo Nacional de Turismo: RNT N\u00ba 8903<\/p>\n<p style=\"padding-bottom: 2px;\"><a target=\"_blank\" href=\"https:\/\/www.livroreclamacoes.pt\/inicio\" rel=\"noopener noreferrer\">Complaint book<\/a>\u00a0\u00a0 <a href=\"https:\/\/campingpuroalentejo.com\/gr\/protecao-de-dados\/#RLO\">Online Dispute Resolution<\/a> \u00a0 <a href=\"https:\/\/campingpuroalentejo.com\/gr\/protecao-de-dados\/#PP\"> Privacy<\/a>\u00a0\u00a0 <a href=\"https:\/\/campingpuroalentejo.com\/gr\/protecao-de-dados\/#PC\">Cookies<\/a><\/p>\n<p style=\"padding-bottom: 0px;\">webdesign by: <a href=\"https:\/\/criativo.net\/\" target=\"_blank\" rel=\"noopener noreferrer\">criativo.net<\/a><\/p>\n<p>[\/et_pb_text][\/et_pb_column][et_pb_column type=&#8221;2_5&#8243; _builder_version=&#8221;3.25&#8243; custom_padding=&#8221;|||&#8221; custom_padding__hover=&#8221;|||&#8221;][et_pb_social_media_follow use_icon_font_size=&#8221;on&#8221; icon_font_size=&#8221;15px&#8221; _builder_version=&#8221;4.4.7&#8243; text_orientation=&#8221;right&#8221; custom_margin=&#8221;0px|60px|0px||true|false&#8221; custom_margin_tablet=&#8221;|0px|||true|false&#8221; custom_margin_phone=&#8221;&#8221; custom_margin_last_edited=&#8221;on|desktop&#8221; custom_padding=&#8221;0px||0px||true|false&#8221; text_orientation_tablet=&#8221;center&#8221; text_orientation_phone=&#8221;&#8221; text_orientation_last_edited=&#8221;on|desktop&#8221; border_radii=&#8221;on|50px|50px|50px|50px&#8221;][et_pb_social_media_follow_network social_network=&#8221;facebook&#8221; url=&#8221;https:\/\/www.facebook.com\/Camping-Puro-Alentejo-624189011274627\/&#8221; _builder_version=&#8221;4.2.2&#8243; background_color=&#8221;#3b5998&#8243; custom_margin=&#8221;0px|0px|0px|0px|true|true&#8221; custom_padding=&#8221;0px|0px|0px|0px|true|true&#8221; follow_button=&#8221;off&#8221; url_new_window=&#8221;on&#8221;]facebook[\/et_pb_social_media_follow_network][et_pb_social_media_follow_network social_network=&#8221;facebook&#8221; url=&#8221;https:\/\/wa.me\/351966828740&#8243; icon_color=&#8221;rgba(0,0,0,0)&#8221; _builder_version=&#8221;4.2.2&#8243; background_color=&#8221;#24CD63&#8243; background_enable_color=&#8221;on&#8221; background_image=&#8221;https:\/\/campingpuroalentejo.com\/gr\/wp-content\/uploads\/2020\/02\/CPA_whatsapp_01.2.png&#8221; background_enable_image=&#8221;on&#8221; custom_margin=&#8221;0px|0px|0px|0px|true|true&#8221; custom_padding=&#8221;0px|0px|0px|0px|true|true&#8221; follow_button=&#8221;off&#8221; url_new_window=&#8221;on&#8221;]facebook[\/et_pb_social_media_follow_network][et_pb_social_media_follow_network social_network=&#8221;instagram&#8221; url=&#8221;https:\/\/www.instagram.com\/campingpuroalentejo\/&#8221; _builder_version=&#8221;4.4.7&#8243; background_color=&#8221;#ea2c59&#8243; custom_margin=&#8221;0px|0px|0px|0px|true|true&#8221; custom_padding=&#8221;0px|0px|0px|0px|true|true&#8221; follow_button=&#8221;off&#8221; url_new_window=&#8221;on&#8221;]instagram[\/et_pb_social_media_follow_network][\/et_pb_social_media_follow][et_pb_image src=&#8221;https:\/\/campingpuroalentejo.com\/gr\/wp-content\/uploads\/2019\/01\/certificado-ssl-pt.png&#8221; align=&#8221;right&#8221; align_tablet=&#8221;center&#8221; align_phone=&#8221;&#8221; align_last_edited=&#8221;on|desktop&#8221; disabled_on=&#8221;on|on|off&#8221; _builder_version=&#8221;4.3.4&#8243; custom_margin=&#8221;-33px|200px|0px|0px|false|false&#8221; custom_margin_tablet=&#8221;20px|0px||0px|false|true&#8221; custom_margin_phone=&#8221;&#8221; custom_margin_last_edited=&#8221;on|tablet&#8221; custom_padding=&#8221;0px|0px|0px|0px|true|true&#8221;][\/et_pb_image][\/et_pb_column][\/et_pb_row][\/et_pb_section]<\/p>\n","protected":false},"excerpt":{"rendered":"<p>F\u00dcR SIECamping Puro Alentejos Credo ist \u201eRespekt f\u00fcr die Umwelt und die Privatsph\u00e4re der anderen G\u00e4ste\u201c. Kinder sind herzlich willkommen, genau so wie Haustiere. Wir haben das ganze Jahr f\u00fcr Sie ge\u00f6ffnet. Rollstuhlgerecht Rezeption \/ Touristeninformation Barservice und leichte Mahlzeiten Grillzone Swimmingpool (von Juni bis Oktober) Toilettenanlagen mit Warmwasser Waschk\u00fcche und Geschirrsp\u00fcl-Bereich Waschmaschinen und Trockner [&hellip;]<\/p>\n","protected":false},"author":3,"featured_media":0,"parent":0,"menu_order":0,"comment_status":"closed","ping_status":"closed","template":"","meta":{"_et_pb_use_builder":"on","_et_pb_old_content":"","_et_gb_content_width":"","footnotes":""},"class_list":["post-39465","page","type-page","status-publish","hentry"],"_links":{"self":[{"href":"https:\/\/campingpuroalentejo.com\/gr\/wp-json\/wp\/v2\/pages\/39465","targetHints":{"allow":["GET"]}}],"collection":[{"href":"https:\/\/campingpuroalentejo.com\/gr\/wp-json\/wp\/v2\/pages"}],"about":[{"href":"https:\/\/campingpuroalentejo.com\/gr\/wp-json\/wp\/v2\/types\/page"}],"author":[{"embeddable":true,"href":"https:\/\/campingpuroalentejo.com\/gr\/wp-json\/wp\/v2\/users\/3"}],"replies":[{"embeddable":true,"href":"https:\/\/campingpuroalentejo.com\/gr\/wp-json\/wp\/v2\/comments?post=39465"}],"version-history":[{"count":18,"href":"https:\/\/campingpuroalentejo.com\/gr\/wp-json\/wp\/v2\/pages\/39465\/revisions"}],"predecessor-version":[{"id":42446,"href":"https:\/\/campingpuroalentejo.com\/gr\/wp-json\/wp\/v2\/pages\/39465\/revisions\/42446"}],"wp:attachment":[{"href":"https:\/\/campingpuroalentejo.com\/gr\/wp-json\/wp\/v2\/media?parent=39465"}],"curies":[{"name":"wp","href":"https:\/\/api.w.org\/{rel}","templated":true}]}}